{"id":78545,"date":"2021-11-11T17:49:17","date_gmt":"2021-11-11T17:49:17","guid":{"rendered":"https:\/\/shop.nlq24.eu\/?post_type=product&#038;p=78545"},"modified":"2025-04-25T19:25:35","modified_gmt":"2025-04-25T19:25:35","slug":"doser-system-bestaendig","status":"publish","type":"product","link":"https:\/\/shop.nlq24.eu\/es\/ producto\/doser-system-bestaendig\/","title":{"rendered":"Sistema dosificador resistente 28 mm &#8211; jeringa de 12 ml + inserto + tapa"},"content":{"rendered":"<p class=\"Normal\"><strong><br \/>\n  <span class=\"tm6\">El Dosificador<\/span><br \/>\n<\/strong> es una parte del <strong><br \/>\n  <span class=\"tm6\">sistema ORIGINAL Doser resistente 28 mm &#8211; 12 ml jeringa + inserto + tapa.<\/span><br \/>\n<\/strong><\/p>\n<p class=\"Normal\"><strong><span class=\"tm6\">La botella <em>no<\/em> est\u00e1 incluida. Solo se usa para mostrar c\u00f3mo se ve el sistema en una botella.<br \/>\n<\/span><\/strong><\/p>\n<p>Este sistema Dosificador de 28 mm<strong>  cabe en todas las botellas de tama\u00f1o\/hocico PP28, es decir, 28 mm y tambi\u00e9n en la botella de vidrio Miron de 250 ml. Sin embargo, no en otras botellas de vidrio Miron.<\/strong><\/p>\n<p><strong>Esta oferta NO incluye una botella.<\/strong><\/p>\n<p class=\"Normal\">Este sistema dosificador resistente, 28 mm &#8211; 12 ml jeringa + inserto + tapa le ofrece una ayuda de dosificaci\u00f3n precisa para l\u00edquidos como: CDH, agua, zumos, DMSO, DMKB, MKB Vital, CDH, clorito de sodio 25 %, \u00e1cido clorh\u00eddrico 4%, etc. Es una jeringa dosificadora con <strong>un volumen de 12 ml<\/strong>. Esto se convierte en un dispositivo de extracci\u00f3n debido al inserto de botella de 28 mm, el inserto Dosificador. <strong>Por lo tanto, el sistema Doser es adecuado para botellas de vidrio medicinal con una gran abertura de 28 mm.<\/strong> <\/p>\n<p class=\"Normal\">Sin embargo,<strong> no se<\/strong> adapta a los peque\u00f1os frascos de medicamentos DIN18 \/ frascos de boticario con apertura de 18 mm. <a href=\"https:\/\/shop.nlq24.eu\/es\/Produkt\/doser-system-din18\/\">Puede encontrar un sistema de dosificaci\u00f3n para las botellas peque\u00f1as DIN18 aqu\u00ed<\/a>.<\/p>\n<p class=\"Normal\">El \u00e9mbolo en este dosificador est\u00e1 hecho del material PE. A juego con este dosificador hay un peque\u00f1o inserto de pl\u00e1stico, el llamado doser inserto de 28 mm. Se puede prensar en botellas de tama\u00f1o PP28 (28 mm), es decir, en las botellas de medicamentos habituales. Por otro lado, el<strong> dosificador<\/strong> (es decir, la jeringa dosificadora) <strong>encaja<\/strong> exactamente <strong>en el inserto dosificador de 28 mm, que ha presionado en el frasco<\/strong>. De este modo<strong>, puede <strong>extraer l\u00edquidos<\/strong> con el inserto dosificador y el dosificador de ajuste preciso. Al extraer el l\u00edquido introduci\u00e9ndolo en el dosificador, puede <strong>medirlo al mismo tiempo.<\/strong> Esto es f\u00e1cilmente posible gracias a las incrustaciones claramente visibles en el dosificador.<\/strong>   La graduaci\u00f3n se divide en pasos de <strong>0,25 ml.<\/strong> Por lo tanto, puede leer cuartos y medio mililitros maravillosamente y, por lo tanto, <strong>dosificar con mucha precisi\u00f3n.<\/strong> Aqu\u00ed tiene una clara ventaja sobre la medici\u00f3n con una taza medidora inexacta.<\/p>\n<h3 class=\"Normal\"><strong><span class=\"tm6\">My care TIP para Resistente al sistema dosificador, 28 mm &#8211; 12 ml jeringa + inserto + tapa:<\/span><\/strong><\/h3>\n<div>Instrucciones de cuidado: Para mantener el dosificador (jeringa) funcionando sin problemas, enju\u00e1guelo con agua limpia inmediatamente despu\u00e9s de su uso.<\/div>\n<p>&nbsp;<\/p>\n<p class=\"Normal\"><strong><span class=\"tm6\">Variantes doser:<br \/>\n<\/span><\/strong>El Doser est\u00e1 actualmente disponible con un volumen <strong>de 12 m<\/strong>l. El di\u00e1metro es de 30 mm. La longitud total del dosificador es de 100 mm.<\/p>\n<p class=\"Normal\">Puedes encontrar una <strong><span class=\"tm6\">botella de vidrio de 28 mm<\/span><\/strong> que se ajusta al sistema<strong><u><a href=\"https:\/\/shop.nlq24.eu\/es\/Produkt\/botella-del-sistema-dosificador\/\"><span class=\"tm6\"><span style=\"color: #0000ff;\"> aqu\u00ed<\/span><\/span><\/a><\/u><\/strong> .<\/p>\n<p class=\"Normal\">\u00bfYa has comprado una botella de 28 mm? Si desea utilizar el dosificador con inserto dosificador para un frasco de este tipo, siempre necesitar\u00e1 la tapa separada que no contenga un gotero.  Est\u00e1 <strong>incluido en este sistema.<\/strong><\/p>\n","protected":false},"excerpt":{"rendered":"<p>Resistente al sistema dosificador, 28 mm &#8211; Jeringa de 12 ml + inserto + tapa<\/p>\n","protected":false},"featured_media":87030,"comment_status":"open","ping_status":"closed","template":"","meta":[],"product_brand":[],"product_cat":[3744,1866,1876,2326,2334],"product_tag":[3376,2642,2399,2643,2455,3374,2456,3375,2470],"class_list":{"0":"post-78545","1":"product","2":"type-product","3":"status-publish","4":"has-post-thumbnail","6":"product_cat-sistema-de-dosificacion-todos","7":"product_cat-todos-los-productos-resumen","8":"product_cat-dosificacion-medicion","9":"product_cat-dosificador-para-botellas-pp28","10":"product_cat-tapones-para-botellas-de-vidrio-pp28","11":"product_tag-quitar-termino-cdh-dosificador-cdh-doserterever-termino-dosificador-dosificadorterter-de-eliminacion-inserto-dosificador-insertoquitador-sistema-de-dosificacion-28mm","12":"product_tag-jeringa-dosificadora","13":"product_tag-cdh-doser-es","14":"product_tag-pipeta-dosificadora","15":"product_tag-doser-es","16":"product_tag-dosificador-28mm","17":"product_tag-doser-einsatz-es","18":"product_tag-pp28-dosificador","19":"product_tag-dosierer-es","20":"product_shipping_class-1-paquete-de-envio-con-seguimiento","22":"first","23":"instock","24":"taxable","25":"shipping-taxable","26":"purchasable","27":"product-type-variable"},"_links":{"self":[{"href":"https:\/\/shop.nlq24.eu\/es\/wp-json\/wp\/v2\/product\/78545","targetHints":{"allow":["GET"]}}],"collection":[{"href":"https:\/\/shop.nlq24.eu\/es\/wp-json\/wp\/v2\/product"}],"about":[{"href":"https:\/\/shop.nlq24.eu\/es\/wp-json\/wp\/v2\/types\/product"}],"replies":[{"embeddable":true,"href":"https:\/\/shop.nlq24.eu\/es\/wp-json\/wp\/v2\/comments?post=78545"}],"wp:featuredmedia":[{"embeddable":true,"href":"https:\/\/shop.nlq24.eu\/es\/wp-json\/wp\/v2\/media\/87030"}],"wp:attachment":[{"href":"https:\/\/shop.nlq24.eu\/es\/wp-json\/wp\/v2\/media?parent=78545"}],"wp:term":[{"taxonomy":"product_brand","embeddable":true,"href":"https:\/\/shop.nlq24.eu\/es\/wp-json\/wp\/v2\/product_brand?post=78545"},{"taxonomy":"product_cat","embeddable":true,"href":"https:\/\/shop.nlq24.eu\/es\/wp-json\/wp\/v2\/product_cat?post=78545"},{"taxonomy":"product_tag","embeddable":true,"href":"https:\/\/shop.nlq24.eu\/es\/wp-json\/wp\/v2\/product_tag?post=78545"}],"curies":[{"name":"wp","href":"https:\/\/api.w.org\/{rel}","templated":true}]}}