{"id":79268,"date":"2022-01-22T16:18:08","date_gmt":"2022-01-22T16:18:08","guid":{"rendered":"https:\/\/shop.nlq24.eu\/?post_type=product&#038;p=79268"},"modified":"2026-04-08T09:52:03","modified_gmt":"2026-04-08T09:52:03","slug":"polarizador-corporal","status":"publish","type":"product","link":"https:\/\/shop.nlq24.eu\/es\/ producto\/polarizador-corporal\/","title":{"rendered":"Polarizador corporal"},"content":{"rendered":"<h3><strong>El polarizador corporal  <\/strong><\/h3>\n<div>Nota: El polarizador corporal se suministra actualmente sin correa de cuero.<\/div>\n<div><\/div>\n<div>El Polarizador Corporal es un <strong>peque\u00f1o sistema bellamente dise\u00f1ado<\/strong> para armonizar las frecuencias del cuerpo. Puedes llevarlo directamente sobre el cuerpo con un cord\u00f3n, una correa de cuero o un collar. Pero tambi\u00e9n puedes llevarlo en el bolsillo, en el bolsillo del pantal\u00f3n o en la camisa. Pero tambi\u00e9n en cualquier otro lugar que te resulte c\u00f3modo.   <\/div>\n<div><\/div>\n<div>Sin embargo, los mejores resultados se obtienen cuando el Polarizador Corporal se lleva en el pecho o en el plexo solar.<\/div>\n<div><\/div>\n<div><\/div>\n<div>El polarizador corporal es un sistema de oscilaci\u00f3n y antena bien pensado. Los anillos coordinados tienen un efecto sobre el entorno haciendo vibrar los anillos de inducci\u00f3n y oscilaci\u00f3n. Un peque\u00f1o cristal amplifica el efecto.  <\/div>\n<div><\/div>\n<div><strong>Se absorbe e invierte una gama ilimitada de longitudes de onda<\/strong>. Similar al polarizador de <strong><br \/>\n  <a href=\"https:\/\/shop.nlq24.eu\/es\/ producto\/lebensumfeld-polarisierer-3\/\">ambiente de vida,<\/a><br \/>\n<\/strong>que fue dise\u00f1ado para \u00e1reas m\u00e1s grandes.<\/div>\n<div><\/div>\n<div>El resultado suele ser m\u00e1s<strong> paz y equilibrio<\/strong>. Por regla general, primero tendr\u00e1s que acostumbrarte a esto. <\/div>\n<div><\/div>\n<div>Protegen y optimizan los sistemas biol\u00f3gicos y todas las formas de vida. La gran demanda de sistemas de armonizaci\u00f3n cada vez m\u00e1s fuertes, eficaces, sencillos y baratos es un reto constante para el fabricante. A algunas personas les cuesta creer que un sistema sencillo y barato pueda ser tan eficaz. Sin embargo, el fabricante tiene m\u00e1s de 16 a\u00f1os de experiencia, que se refleja en este producto.   <\/div>\n<div><\/div>\n<h2>El problema:<\/h2>\n<div>Hoy en d\u00eda, las personas est\u00e1n inundadas de radiaci\u00f3n da\u00f1ina.<\/div>\n<div><\/div>\n<div>Algunos ejemplos son: Hornos microondas, televisores, antenas de transmisi\u00f3n, sistemas de radio y telefon\u00eda, ordenadores, la red el\u00e9ctrica, herramientas y aparatos que funcionan con corriente alterna. El tel\u00e9fono DECT es una de las mayores fuentes de interferencias. <\/div>\n<div><\/div>\n<h2>La soluci\u00f3n<\/h2>\n<div>Adem\u00e1s de normalizar el entorno electromagn\u00e9tico mediante el Polarizador Corporal y reducir el electrosmog, tambi\u00e9n se restablecen el campo energ\u00e9tico (tambi\u00e9n conocido como aura) y otros sistemas biol\u00f3gicos. Esto se consigue eliminando las vibraciones disonantes obstructivas en sus campos el\u00e9ctricos. <\/div>\n<div><\/div>\n<div>Diversos sistemas de medici\u00f3n demuestran que, cuando se normaliza el entorno electromagn\u00e9tico, el sistema biol\u00f3gico de una persona, animal, planta o alimento se reequilibra y, por tanto, cambia. Algunos ejemplos de estos sistemas de medici\u00f3n son Electroacupuntura, Fotones, M\u00e9todo Knapp, Prognos, Test Muscular, Vega y Voll. <\/div>\n<div><\/div>\n<div>Si sostienes el Polarizador Corporal sobre la zona situada encima del ombligo, tambi\u00e9n conocida como plexo solar, puedes realizar una medici\u00f3n o prueba comparativa. Muchas personas sostienen el Polarizador Corporal sobre el plexo solar y suelen sentir una forma de relajaci\u00f3n al cabo de un rato. <\/div>\n<div>Especialmente los ni\u00f1os y los animales reaccionan r\u00e1pidamente a ella. Los clientes que trabajan con ni\u00f1os que padecen TDAH y autismo han comprobado que el Polarizador Corporal tiene un efecto claramente positivo sobre la inquietud y la concentraci\u00f3n. Nota: Aqu\u00ed no se promete ninguna cura. <\/div>\n<div><\/div>\n<h1>A\u00f1os de investigaci\u00f3n<\/h1>\n<div>El Polarizador Corporal es el resultado de a\u00f1os de investigaci\u00f3n de varios cient\u00edficos de los campos de la f\u00edsica, la electr\u00f3nica, la qu\u00edmica, la biolog\u00eda y la metalurgia. La persona m\u00e1s importante en el desarrollo del Polarizador Corporal fue el cient\u00edfico George Lakhovsky.  Trabaj\u00f3 en Par\u00eds, Viena y Estados Unidos. All\u00ed realiz\u00f3 intensas investigaciones en el campo de la oscilaci\u00f3n y la resonancia. Se hizo famoso sobre todo por el desarrollo del \u00aboscilador multionda\u00bb, que desarroll\u00f3 junto con Nikola Tesla. <\/div>\n<div><\/div>\n<div>Son bien conocidos los experimentos que realiz\u00f3 con geranios que ten\u00edan c\u00e9lulas cancerosas. A los geranios que desarrollaron tumores se les colocaron anillos vibratorios sintonizados (anillos de resonancia). El resultado fue que los geranios con tumores, que ten\u00edan un anillo de resonancia, simplemente siguieron creciendo y los tumores desaparecieron.  <\/div>\n<div>Los tumores desaparecieron en el curso posterior. Los otros geranios, que tambi\u00e9n ten\u00edan tumores pero no recibieron un anillo vibratorio, murieron lentamente. <\/div>\n<div><\/div>\n<div>En tu polarizador corporal tambi\u00e9n se incluye una tecnolog\u00eda optimizada de dichos anillos oscilantes.<\/div>\n<div><\/div>\n<h3>\u00bfPor qu\u00e9 es tan importante la polarizaci\u00f3n para tu salud?<\/h3>\n<div>Muchos expertos son conscientes de que la disminuci\u00f3n de la vitalidad precede a la p\u00e9rdida de salud. Diversas tensiones son responsables de la p\u00e9rdida de nuestra vitalidad. Puesto que los sistemas biol\u00f3gicos<\/div>\n<div>funcionan con sus propias frecuencias, las tensiones artificiales del campo electromagn\u00e9tico urbano son<\/div>\n<div>entornos son muy desfavorables, por decirlo suavemente. La vitalidad se inhibe y aparecen \u00abs\u00edntomas de enfermedad\u00bb. <\/div>\n<div><\/div>\n<div>Al armonizar el entorno electromagn\u00e9tico, el Polarizador Corporal restablece la coherencia de los campos el\u00e9ctricos del cuerpo. De este modo, se dispone de toda la informaci\u00f3n importante para el funcionamiento \u00f3ptimo del cuerpo. <\/div>\n<div>La polarizaci\u00f3n tambi\u00e9n restablece, refuerza y revitaliza las frecuencias normales de vibraci\u00f3n de las c\u00e9lulas.<\/div>\n<div><\/div>\n<div>Algunos usuarios colocan el polarizador corporal en partes doloridas del cuerpo, lo que suele provocar un dolor subliminal.<\/div>\n<div>bloqueos de la fuerza vital. En s\u00f3lo unos minutos al d\u00eda, puedes armonizar tu entorno vital eliminando las perturbaciones el\u00e9ctricas y los bloqueos en el flujo de energ\u00eda que causan dolor. <\/div>\n<div><\/div>\n<h3>\u00bfInversi\u00f3n de polaridad?<\/h3>\n<div>Debido a una variedad de tensiones antinaturales, la mayor\u00eda de las personas sometidas a pruebas en zonas urbanas tienen una polaridad incorrecta (inversi\u00f3n de polaridad). Para comprobar la inversi\u00f3n de polaridad, haz que la persona sometida a la prueba extienda el brazo izquierdo hacia un lado. Coloca la palma de la mano derecha sobre la cabeza y haz la prueba. La persona debe estar fuerte cuando la palma de la mano derecha est\u00e1 sobre su cabeza y m\u00e1s d\u00e9bil cuando el dorso de la mano derecha est\u00e1 sobre la cabeza.    Probablemente encontrar\u00e1 que la mayor\u00eda de las personas son d\u00e9biles cuando deber\u00edan ser fuertes, y fuertes cuando deber\u00edan ser d\u00e9biles. La polaridad se invierte y tu sistema funciona sin la energ\u00eda y la informaci\u00f3n correctas. Para resolver este problema, coge el Polarizador Corporal y mantenlo sobre el timo o el plexo solar. Los resultados muestran que se produce una correcci\u00f3n inmediata del nivel de energ\u00eda. Si has mantenido el Polarizador Corporal en esta posici\u00f3n durante alg\u00fan tiempo, la persona sometida a la prueba suele dar un resultado \u00abnormal\u00bb despu\u00e9s de retirar el Polarizador Corporal. Por supuesto, el resultado es s\u00f3lo temporal, a menos que se anule permanentemente la inversi\u00f3n de polaridad.    <\/div>\n<div><\/div>\n<div>Nota sobre el uso: No expongas el polarizador corporal a la humedad ni al calor excesivo.<\/div>\n<p class=\"Normal tm5\"><span class=\"tm8\">Ahora divi\u00e9rtete con la nueva armon\u00eda&#8230;<\/span><\/p>\n<p>Torben<\/p>\n","protected":false},"excerpt":{"rendered":"<h3><strong>Polarizador corporal<\/strong><\/h3>\n","protected":false},"featured_media":79271,"comment_status":"open","ping_status":"closed","template":"","meta":[],"product_brand":[],"product_cat":[2881,2953],"product_tag":[2974,2975,2976,2977,2978],"class_list":{"0":"post-79268","1":"product","2":"type-product","3":"status-publish","4":"has-post-thumbnail","6":"product_cat-weihnachtstipps-es","7":"product_cat-la-tecnologia-de-frecuencia","8":"product_tag-lebensumfeld-polarisierer-3-es","9":"product_tag-polarisierer-es","10":"product_tag-antennensysteme-es","11":"product_tag-positive-energie-es","12":"product_tag-energiefelder-es","13":"product_shipping_class-1-paquete-de-envio-con-seguimiento","15":"first","16":"instock","17":"taxable","18":"shipping-taxable","19":"purchasable","20":"product-type-simple"},"_links":{"self":[{"href":"https:\/\/shop.nlq24.eu\/es\/wp-json\/wp\/v2\/product\/79268","targetHints":{"allow":["GET"]}}],"collection":[{"href":"https:\/\/shop.nlq24.eu\/es\/wp-json\/wp\/v2\/product"}],"about":[{"href":"https:\/\/shop.nlq24.eu\/es\/wp-json\/wp\/v2\/types\/product"}],"replies":[{"embeddable":true,"href":"https:\/\/shop.nlq24.eu\/es\/wp-json\/wp\/v2\/comments?post=79268"}],"wp:featuredmedia":[{"embeddable":true,"href":"https:\/\/shop.nlq24.eu\/es\/wp-json\/wp\/v2\/media\/79271"}],"wp:attachment":[{"href":"https:\/\/shop.nlq24.eu\/es\/wp-json\/wp\/v2\/media?parent=79268"}],"wp:term":[{"taxonomy":"product_brand","embeddable":true,"href":"https:\/\/shop.nlq24.eu\/es\/wp-json\/wp\/v2\/product_brand?post=79268"},{"taxonomy":"product_cat","embeddable":true,"href":"https:\/\/shop.nlq24.eu\/es\/wp-json\/wp\/v2\/product_cat?post=79268"},{"taxonomy":"product_tag","embeddable":true,"href":"https:\/\/shop.nlq24.eu\/es\/wp-json\/wp\/v2\/product_tag?post=79268"}],"curies":[{"name":"wp","href":"https:\/\/api.w.org\/{rel}","templated":true}]}}