{"id":80577,"date":"2022-06-13T19:14:29","date_gmt":"2022-06-13T19:14:29","guid":{"rendered":"https:\/\/shop.nlq24.eu\/produkt\/botella-de-filtro-de-agua-mobil-500-ml\/"},"modified":"2025-07-01T07:03:40","modified_gmt":"2025-07-01T07:03:40","slug":"filtro-de-agua-botella-movil-500-ml","status":"publish","type":"product","link":"https:\/\/shop.nlq24.eu\/es\/ producto\/filtro-de-agua-botella-movil-500-ml\/","title":{"rendered":"Botella de filtro de agua Mobil 500 ml"},"content":{"rendered":"<p>Esta <strong>botella de filtro de agua Mobil 500 ml<\/strong> es una buena alternativa para el agua del grifo filtrada sobre la marcha.<\/p>\n<p>Su nueva botella reutilizable para agua potable filtrada tambi\u00e9n es una contribuci\u00f3n segura y sostenible para reducir los residuos de las botellas desechables. Con esta botella puede garantizar un suministro de agua suficiente sobre la marcha.<\/p>\n<p>Esta botella de filtro de agua Mobil est\u00e1 hecha de Tritan\u2122. Este es un material resistente a los golpes y seguro para los alimentos, que est\u00e1 libre de:<\/p>\n<p>BPA, hal\u00f3genos,<br \/>\n ortoftalatos<br \/>\ny otras sustancias nocivas.<\/p>\n<h3>Dise\u00f1o y confort<\/h3>\n<p>La botella tiene una superficie de alta calidad, suave pero duradera que puede soportar condiciones fr\u00edas y c\u00e1lidas.<\/p>\n<p>La textura suave y mate aterciopelada es f\u00e1cil de agarrar, y la botella no se escapa de su mano una vez que est\u00e1 mojada.<\/p>\n<p>La botella tiene marcas en mililitros y onzas (OZ). Esto le permite controlar mejor su ingesta diaria de agua.<\/p>\n<h3>El filtro<\/h3>\n<p>El filtro reemplazable tiene una capacidad de 150 litros y debe cambiarse despu\u00e9s. Limpia y mejora el sabor del agua potable. Esta botella de filtro est\u00e1 destinada a la mejora del agua del grifo.<\/p>\n<p>El filtro elimina:<br \/>\n<strong>Cloro<\/strong><br \/>\n<strong>impurezas org\u00e1nicas<\/strong><br \/>\n<strong>y sedimentos.<\/strong><\/p>\n<p>Tambi\u00e9n mejora el sabor y el olor del agua y conserva la composici\u00f3n mineral natural. Y esto incluye los minerales Ca2+ y Mg2+, que est\u00e1n contenidos en el filtro.<\/p>\n<p>\u00a1Disfruta de esta agua limpia y purificada de tu botella de agua personal sobre la marcha!<\/p>\n<h3>Volumen:<\/h3>\n<p>500 ml o 17 onzas<\/p>\n<p>&nbsp;<\/p>\n<p><strong>Filtro de reemplazo que obtienes AQU\u00cd: <a href=\"https:\/\/shop.nlq24.eu\/es\/?post_type=product&#038;p=80867\">Filtro de reemplazo para botella de filtro de agua Mobil<\/a><\/strong><\/p>\n<p>&nbsp;<\/p>\n","protected":false},"excerpt":{"rendered":"<p>Botella de filtro de agua Mobil 500 ml<\/p>\n","protected":false},"featured_media":80382,"comment_status":"open","ping_status":"closed","template":"","meta":[],"product_brand":[],"product_cat":[1910,2357],"product_tag":[3493,3494,3495,3496,3497],"class_list":{"0":"post-80577","1":"product","2":"type-product","3":"status-publish","4":"has-post-thumbnail","6":"product_cat-filtro-de-agua-osmosis-inversa","7":"product_cat-wasserveredelung-es","8":"product_tag-botella-de-filtro-de-agua-mobil-500-ml","9":"product_tag-botella-de-filtro","10":"product_tag-botella-es","11":"product_tag-botella-de-agua-movil","12":"product_tag-filtro-de-agua-movil","14":"first","15":"instock","16":"taxable","17":"shipping-taxable","18":"purchasable","19":"product-type-simple"},"_links":{"self":[{"href":"https:\/\/shop.nlq24.eu\/es\/wp-json\/wp\/v2\/product\/80577","targetHints":{"allow":["GET"]}}],"collection":[{"href":"https:\/\/shop.nlq24.eu\/es\/wp-json\/wp\/v2\/product"}],"about":[{"href":"https:\/\/shop.nlq24.eu\/es\/wp-json\/wp\/v2\/types\/product"}],"replies":[{"embeddable":true,"href":"https:\/\/shop.nlq24.eu\/es\/wp-json\/wp\/v2\/comments?post=80577"}],"wp:featuredmedia":[{"embeddable":true,"href":"https:\/\/shop.nlq24.eu\/es\/wp-json\/wp\/v2\/media\/80382"}],"wp:attachment":[{"href":"https:\/\/shop.nlq24.eu\/es\/wp-json\/wp\/v2\/media?parent=80577"}],"wp:term":[{"taxonomy":"product_brand","embeddable":true,"href":"https:\/\/shop.nlq24.eu\/es\/wp-json\/wp\/v2\/product_brand?post=80577"},{"taxonomy":"product_cat","embeddable":true,"href":"https:\/\/shop.nlq24.eu\/es\/wp-json\/wp\/v2\/product_cat?post=80577"},{"taxonomy":"product_tag","embeddable":true,"href":"https:\/\/shop.nlq24.eu\/es\/wp-json\/wp\/v2\/product_tag?post=80577"}],"curies":[{"name":"wp","href":"https:\/\/api.w.org\/{rel}","templated":true}]}}