{"id":81690,"date":"2018-12-13T20:52:31","date_gmt":"2018-12-13T20:52:31","guid":{"rendered":"https:\/\/shop.nlq24.eu\/produkt\/medidor-de-ph-probador-de-ph\/"},"modified":"2026-04-08T09:51:20","modified_gmt":"2026-04-08T09:51:20","slug":"medidor-de-ph-probador-de-ph","status":"publish","type":"product","link":"https:\/\/shop.nlq24.eu\/es\/ producto\/medidor-de-ph-probador-de-ph\/","title":{"rendered":"pH-metro, pH-testador"},"content":{"rendered":"<p><u><strong>pH-metro &#8211; electr\u00f3nico, sin pila<\/strong><\/u><\/p>\n<p>para comprobar el valor de pH (valor \u00e1cido\/base)<\/p>\n<p>\u00a1La IMAGEN difiere del dispositivo actual!<\/p>\n<p>El aparato es de alta calidad, eficaz y preciso. Es muy f\u00e1cil de manejar. No hay forma m\u00e1s f\u00e1cil de determinar un valor de pH.  <\/p>\n<p>* <a href=\"https:\/\/shop.nlq24.eu\/bedienungsanleitung-ph-meter-ph-tester\/\" data-link-type=\"filemanager\" data-type=\"linkpicker\" data-cke-saved-href=\"\/WebRoot\/Store\/Shops\/neue-lebensqualitaet\/MediaGallery\/Anleitung_pH_Meter.pdf\">Instrucciones de uso AQU\u00cd<\/a><\/p>\n<p><strong>Datos t\u00e9cnicos:<br \/>\n<\/strong>Rango de medici\u00f3n: 0,0 &#8211; 14,0 pH<br \/>\nResoluci\u00f3n: 0,1 pH<br \/>\nPrecisi\u00f3n: \u00b10,1 pH (20\u00b0C), \u00b10,2 pH<br \/>\nTemperatura de funcionamiento: 0 &#8211; 50\u00b0C<br \/>\nFunciona con tres pilas de bot\u00f3n de 1,5 V<br \/>\nDimensiones: 150 mm x 29 mm x 20 mm<\/p>\n<p>Notas:<br \/>\nA veces es posible que se formen cristales en la sonda de medici\u00f3n. Por ello, limpia el aparato con agua destilada antes de la medici\u00f3n. <\/p>\n<div><\/div>\n","protected":false},"excerpt":{"rendered":"<p>pH-metro &#8211; electr\u00f3nico, sin pila para comprobar el valor de pH (valor \u00e1cido\/base) \u00a1La IMAGEN difiere del dispositivo actual! El aparato es de alta calidad, eficaz y preciso. Es muy f\u00e1cil de manejar. No hay forma m\u00e1s f\u00e1cil de determinar un valor de pH. * Instrucciones de uso AQU\u00cd Datos t\u00e9cnicos: Rango de medici\u00f3n: 0,0 [&#8230;]\n","protected":false},"featured_media":81689,"comment_status":"open","ping_status":"closed","template":"","meta":[],"product_brand":[],"product_cat":[1866,1910,2354],"product_tag":[3184,3198,3199],"class_list":{"0":"post-81690","1":"product","2":"type-product","3":"status-publish","4":"has-post-thumbnail","6":"product_cat-todos-los-productos-resumen","7":"product_cat-filtro-de-agua-osmosis-inversa","8":"product_cat-umkehrosmose-zubehoer-es","9":"product_tag-wassertester-es","10":"product_tag-ph-meter-es","11":"product_tag-ph-tester-es","12":"product_shipping_class-1-paquete-de-envio-con-seguimiento","14":"first","15":"instock","16":"taxable","17":"shipping-taxable","18":"purchasable","19":"product-type-simple"},"_links":{"self":[{"href":"https:\/\/shop.nlq24.eu\/es\/wp-json\/wp\/v2\/product\/81690","targetHints":{"allow":["GET"]}}],"collection":[{"href":"https:\/\/shop.nlq24.eu\/es\/wp-json\/wp\/v2\/product"}],"about":[{"href":"https:\/\/shop.nlq24.eu\/es\/wp-json\/wp\/v2\/types\/product"}],"replies":[{"embeddable":true,"href":"https:\/\/shop.nlq24.eu\/es\/wp-json\/wp\/v2\/comments?post=81690"}],"wp:featuredmedia":[{"embeddable":true,"href":"https:\/\/shop.nlq24.eu\/es\/wp-json\/wp\/v2\/media\/81689"}],"wp:attachment":[{"href":"https:\/\/shop.nlq24.eu\/es\/wp-json\/wp\/v2\/media?parent=81690"}],"wp:term":[{"taxonomy":"product_brand","embeddable":true,"href":"https:\/\/shop.nlq24.eu\/es\/wp-json\/wp\/v2\/product_brand?post=81690"},{"taxonomy":"product_cat","embeddable":true,"href":"https:\/\/shop.nlq24.eu\/es\/wp-json\/wp\/v2\/product_cat?post=81690"},{"taxonomy":"product_tag","embeddable":true,"href":"https:\/\/shop.nlq24.eu\/es\/wp-json\/wp\/v2\/product_tag?post=81690"}],"curies":[{"name":"wp","href":"https:\/\/api.w.org\/{rel}","templated":true}]}}