{"id":84655,"date":"2019-01-05T11:34:31","date_gmt":"2019-01-05T11:34:31","guid":{"rendered":"https:\/\/shop.nlq24.eu\/produkt\/cartucho-de-ph-neutro-para-sistema-de-osmosis-inversa\/"},"modified":"2025-06-19T07:43:15","modified_gmt":"2025-06-19T07:43:15","slug":"cartucho-de-ph-neutro-para-sistema-de-osmosis-inversa","status":"publish","type":"product","link":"https:\/\/shop.nlq24.eu\/es\/ producto\/cartucho-de-ph-neutro-para-sistema-de-osmosis-inversa\/","title":{"rendered":"Cartucho de pH neutro para sistema de \u00f3smosis inversa"},"content":{"rendered":"<h3>Cartucho de pH neutro para sistema de \u00f3smosis inversa<\/h3>\n<div class=\"Description SmallTopPadding\">\n<p>El agua filtrada de un sistema de \u00f3smosis inversa es generalmente \u00e1cida al principio. Esto se debe a que los minerales se filtran durante el proceso. Este cartucho de pH neutro para sistema de \u00f3smosis inversa transforma el agua de \u00f3smosis inversa en un agua perfectamente equilibrada y de pH neutro. Como resultado, contribuye a la neutralizaci\u00f3n de la acidez. A trav\u00e9s del proceso, enriquece su agua con iones naturales de calcio, magnesio, sodio y potasio. Por lo tanto, al usar el cartucho, aumenta el valor de pH a aproximadamente 7. Como resultado, el agua tiene un valor redox muy bajo y, por lo tanto, un gran excedente de electrones libres.<\/p>\n<p><strong>Cambio<\/strong> Aplicar este cartucho de pH neutro <strong>cada 6 meses<\/strong>. Como resultado, el refinamiento de su agua potable de \u00f3smosis inversa se mantiene en un nivel alto.<\/p>\n<p>Este cartucho se adapta a todos los <a href=\"https:\/\/shop.nlq24.eu\/produkt\/mini-umkehrosmoseanlage-smartline-gold\/\">sistemas de \u00f3smosis inversa<\/a>.<\/p>\n<p>Puedes encontrar m\u00e1s informaci\u00f3n sobre el agua es vida en <strong><br \/>\n  <a href=\"https:\/\/www.natao.org\/wasserreinigung.htm\">Natao.org.<\/a><br \/>\n<\/strong><\/p>\n<p><strong>Usted compra 1 cartucho con el conjunto de conexiones<\/strong><\/p>\n<\/div>\n","protected":false},"excerpt":{"rendered":"<p>Cartucho de filtro de repuesto para ducha FHSH-6-C para \u00ablluvia suave\u00bb<\/p>\n","protected":false},"featured_media":10143,"comment_status":"open","ping_status":"closed","template":"","meta":[],"product_brand":[],"product_cat":[1866,1910,2354,2357,2358],"product_tag":[2733,2734,2735,2736,2381],"class_list":{"0":"post-84655","1":"product","2":"type-product","3":"status-publish","4":"has-post-thumbnail","6":"product_cat-todos-los-productos-resumen","7":"product_cat-filtro-de-agua-osmosis-inversa","8":"product_cat-umkehrosmose-zubehoer-es","9":"product_cat-wasserveredelung-es","10":"product_cat-wasserveredelung-es-2","11":"product_tag-neutralizacion-del-ph","12":"product_tag-cartucho-de-ph","13":"product_tag-correccion-del-valor-de-ph","14":"product_tag-cartucho-ph-neutral-para-sistema-de-osmosis-inversa","15":"product_tag-alkaline-filter-es","16":"product_shipping_class-1-paquete-de-envio-con-seguimiento","18":"first","19":"outofstock","20":"sale","21":"taxable","22":"shipping-taxable","23":"purchasable","24":"product-type-simple"},"_links":{"self":[{"href":"https:\/\/shop.nlq24.eu\/es\/wp-json\/wp\/v2\/product\/84655","targetHints":{"allow":["GET"]}}],"collection":[{"href":"https:\/\/shop.nlq24.eu\/es\/wp-json\/wp\/v2\/product"}],"about":[{"href":"https:\/\/shop.nlq24.eu\/es\/wp-json\/wp\/v2\/types\/product"}],"replies":[{"embeddable":true,"href":"https:\/\/shop.nlq24.eu\/es\/wp-json\/wp\/v2\/comments?post=84655"}],"wp:featuredmedia":[{"embeddable":true,"href":"https:\/\/shop.nlq24.eu\/es\/wp-json\/wp\/v2\/media\/10143"}],"wp:attachment":[{"href":"https:\/\/shop.nlq24.eu\/es\/wp-json\/wp\/v2\/media?parent=84655"}],"wp:term":[{"taxonomy":"product_brand","embeddable":true,"href":"https:\/\/shop.nlq24.eu\/es\/wp-json\/wp\/v2\/product_brand?post=84655"},{"taxonomy":"product_cat","embeddable":true,"href":"https:\/\/shop.nlq24.eu\/es\/wp-json\/wp\/v2\/product_cat?post=84655"},{"taxonomy":"product_tag","embeddable":true,"href":"https:\/\/shop.nlq24.eu\/es\/wp-json\/wp\/v2\/product_tag?post=84655"}],"curies":[{"name":"wp","href":"https:\/\/api.w.org\/{rel}","templated":true}]}}