{"id":84974,"date":"2024-05-30T09:03:46","date_gmt":"2024-05-30T09:03:46","guid":{"rendered":"https:\/\/shop.nlq24.eu\/produkt\/limitador-de-caudal-limitador-de-caudal-550\/"},"modified":"2025-06-02T14:17:54","modified_gmt":"2025-06-02T14:17:54","slug":"limitador-de-caudal-limitador-de-caudal-550","status":"publish","type":"product","link":"https:\/\/shop.nlq24.eu\/es\/ producto\/limitador-de-caudal-limitador-de-caudal-550\/","title":{"rendered":"Limitador de caudal &#8211; Limitador de caudal 550"},"content":{"rendered":"<p>Este limitador de caudal regula los caudales de las aguas residuales en estos <a href=\"https:\/\/shop.nlq24.eu\/es\/Produkt\/sistema-de-osmosis-inversa-smart-premium\/\">sistemas inteligentes de \u00f3smosis inversa<\/a>. Y la <a href=\"https:\/\/shop.nlq24.eu\/es\/?post_type=product&#038;p=82606\">instalaci\u00f3n de 7 estrellas<\/a>.<\/p>\n<p>Si se trata de un defecto, no fluye m\u00e1s agua a trav\u00e9s del sistema.<\/p>\n<p>El limitador de caudal Flow 550 limita la cantidad de aguas residuales a 550 ml\/minuto. Esto es necesario para que la proporci\u00f3n de agua no sea demasiado alta.<\/p>\n<h3><strong>Instalaci\u00f3n de limitador de flujo:<\/strong><\/h3>\n<p>Para desmontar el limitador de flujo antiguo, se deben quitar las pinzas de fusibles azules. Luego apriete la protuberancia, que est\u00e1 libre, y saque la manguera.<\/p>\n<p>Para instalar, realice esta acci\u00f3n al rev\u00e9s. Apriete el cord\u00f3n de nuevo, inserte la manguera y presione firmemente. A continuaci\u00f3n, vuelva a colocar el clip azul.<\/p>\n","protected":false},"excerpt":{"rendered":"<p>El limitador de caudal Flow 550<\/p>\n","protected":false},"featured_media":0,"comment_status":"closed","ping_status":"closed","template":"","meta":[],"product_brand":[],"product_cat":[2354],"product_tag":[],"class_list":{"0":"post-84974","1":"product","2":"type-product","3":"status-publish","5":"product_cat-umkehrosmose-zubehoer-es","7":"first","8":"outofstock","9":"taxable","10":"shipping-taxable","11":"purchasable","12":"product-type-simple"},"_links":{"self":[{"href":"https:\/\/shop.nlq24.eu\/es\/wp-json\/wp\/v2\/product\/84974","targetHints":{"allow":["GET"]}}],"collection":[{"href":"https:\/\/shop.nlq24.eu\/es\/wp-json\/wp\/v2\/product"}],"about":[{"href":"https:\/\/shop.nlq24.eu\/es\/wp-json\/wp\/v2\/types\/product"}],"replies":[{"embeddable":true,"href":"https:\/\/shop.nlq24.eu\/es\/wp-json\/wp\/v2\/comments?post=84974"}],"wp:attachment":[{"href":"https:\/\/shop.nlq24.eu\/es\/wp-json\/wp\/v2\/media?parent=84974"}],"wp:term":[{"taxonomy":"product_brand","embeddable":true,"href":"https:\/\/shop.nlq24.eu\/es\/wp-json\/wp\/v2\/product_brand?post=84974"},{"taxonomy":"product_cat","embeddable":true,"href":"https:\/\/shop.nlq24.eu\/es\/wp-json\/wp\/v2\/product_cat?post=84974"},{"taxonomy":"product_tag","embeddable":true,"href":"https:\/\/shop.nlq24.eu\/es\/wp-json\/wp\/v2\/product_tag?post=84974"}],"curies":[{"name":"wp","href":"https:\/\/api.w.org\/{rel}","templated":true}]}}