{"id":86414,"date":"2025-01-29T13:41:52","date_gmt":"2025-01-29T13:41:52","guid":{"rendered":"https:\/\/shop.nlq24.eu\/produkt\/solucion-de-azul-de-metileno-al-1\/"},"modified":"2026-04-02T12:42:16","modified_gmt":"2026-04-02T12:42:16","slug":"solucion-de-azul-de-metileno-al-1","status":"publish","type":"product","link":"https:\/\/shop.nlq24.eu\/es\/ producto\/solucion-de-azul-de-metileno-al-1\/","title":{"rendered":"Soluci\u00f3n de azul de metileno al 1"},"content":{"rendered":"<p>El <strong><span style=\"color: #000080;\">azul de metileno<\/span><\/strong> soluci\u00f3n al 1 <span style=\"color: #000080;\"><strong>azul intenso<\/strong><\/span> a partir de agua de \u00f3smosis inversa y azul de metileno trihidratado (puro, USP). Puede utilizarse como colorante. Aqu\u00ed puedes encontrar el <a href=\"https:\/\/shop.nlq24.eu\/wp-content\/uploads\/2025\/01\/Methylenblau-Analysezertifikat-Pulver-fuer-1-Loesung-NLQ24.de_.pdf\">certificado de an\u00e1lisis de polvo de azul de metileno para soluci\u00f3n al 1 <\/a>   <\/p>\n<p>Tambi\u00e9n es adecuado como pigmento para los colores. Colorea los tejidos de forma permanente y se produce sin conservantes.<\/p>\n<p>Esta valiosa soluci\u00f3n de azul de metileno al 1 % se introdujo en una <span style=\"text-decoration: underline;\"><strong>botella de vidrio miron<\/strong><\/span> botella de vidrio. Esto protege la soluci\u00f3n de la radiaci\u00f3n, la luz y las frecuencias par\u00e1sitas. Tambi\u00e9n conserva las frecuencias dentro del frasco. Esta sustancia no contiene metales pesados.   <\/p>\n<p>Lee m\u00e1s sobre el <a href=\"https:\/\/shop.nlq24.eu\/es\/miron-glass-violet-glass-perfecto-tambien-para-cdl-cds\/\">mironglass<\/a> especial aqu\u00ed<\/p>\n<p>&nbsp;<\/p>\n<p><strong>Almacenamiento<\/strong><\/p>\n<ul>\n<li>a temperatura ambiente, no en el frigor\u00edfico.<\/li>\n<li>Mantener fuera del alcance de los ni\u00f1os.<\/li>\n<\/ul>\n<p>&nbsp;<\/p>\n<p>&nbsp;<\/p>\n<h1 class=\"product--title\"><\/h1>\n","protected":false},"excerpt":{"rendered":"<p>Soluci\u00f3n de azul de metileno al 1 %, en un frasco de vidrio miron (\u00a1vidrio violeta!)<\/p>\n","protected":false},"featured_media":86447,"comment_status":"closed","ping_status":"closed","template":"","meta":[],"product_brand":[],"product_cat":[1866],"product_tag":[3734,3729,3730,3731,3732,3733],"class_list":{"0":"post-86414","1":"product","2":"type-product","3":"status-publish","4":"has-post-thumbnail","6":"product_cat-todos-los-productos-resumen","7":"product_tag-comprar-azul-de-metileno","8":"product_tag-solucion-de-azul-de-metileno-al-1","9":"product_tag-solucion-de-azul-de-metileno","10":"product_tag-azul-de-metileno","11":"product_tag-gotas-de-azul-de-metileno","12":"product_tag-azul-de-metileno-es","13":"product_shipping_class-1-paquete-de-envio-con-seguimiento","15":"first","16":"instock","17":"taxable","18":"shipping-taxable","19":"purchasable","20":"product-type-variable"},"_links":{"self":[{"href":"https:\/\/shop.nlq24.eu\/es\/wp-json\/wp\/v2\/product\/86414","targetHints":{"allow":["GET"]}}],"collection":[{"href":"https:\/\/shop.nlq24.eu\/es\/wp-json\/wp\/v2\/product"}],"about":[{"href":"https:\/\/shop.nlq24.eu\/es\/wp-json\/wp\/v2\/types\/product"}],"replies":[{"embeddable":true,"href":"https:\/\/shop.nlq24.eu\/es\/wp-json\/wp\/v2\/comments?post=86414"}],"wp:featuredmedia":[{"embeddable":true,"href":"https:\/\/shop.nlq24.eu\/es\/wp-json\/wp\/v2\/media\/86447"}],"wp:attachment":[{"href":"https:\/\/shop.nlq24.eu\/es\/wp-json\/wp\/v2\/media?parent=86414"}],"wp:term":[{"taxonomy":"product_brand","embeddable":true,"href":"https:\/\/shop.nlq24.eu\/es\/wp-json\/wp\/v2\/product_brand?post=86414"},{"taxonomy":"product_cat","embeddable":true,"href":"https:\/\/shop.nlq24.eu\/es\/wp-json\/wp\/v2\/product_cat?post=86414"},{"taxonomy":"product_tag","embeddable":true,"href":"https:\/\/shop.nlq24.eu\/es\/wp-json\/wp\/v2\/product_tag?post=86414"}],"curies":[{"name":"wp","href":"https:\/\/api.w.org\/{rel}","templated":true}]}}