{"id":86690,"date":"2025-03-17T20:17:01","date_gmt":"2025-03-17T20:17:01","guid":{"rendered":"https:\/\/shop.nlq24.eu\/produkt\/botella-de-racionamiento-de-1-litro-de-pead\/"},"modified":"2025-04-19T15:05:29","modified_gmt":"2025-04-19T15:05:29","slug":"botella-de-racionamiento-de-1-litro-de-pead","status":"publish","type":"product","link":"https:\/\/shop.nlq24.eu\/es\/ producto\/botella-de-racionamiento-de-1-litro-de-pead\/","title":{"rendered":"Botella de racionamiento de 1 litro de PEAD"},"content":{"rendered":"<p>Aqu\u00ed puede encontrar la botella de raci\u00f3n de 1 litro hecha de HDPE duradero.<\/p>\n<p>Estos se pueden dividir en cantidades con un bol\u00edgrafo resistente al agua.<\/p>\n<p>Por ejemplo, si a\u00f1ades 125 ml a la botella y dibujas una l\u00ednea a lo largo de la l\u00ednea del nivel del agua, tienes una buena oportunidad para determinar las cantidades tomadas. Por ejemplo, puedes dividir un litro con 8 l\u00edneas en 125 ml cada una. <\/p>\n<p>El material HDPE es resistente a muchos productos qu\u00edmicos.<\/p>\n","protected":false},"excerpt":{"rendered":"<p>Botella de racionamiento de 1 litro de PEAD<\/p>\n","protected":false},"featured_media":86664,"comment_status":"closed","ping_status":"closed","template":"","meta":[],"product_brand":[],"product_cat":[1866,1876,1882],"product_tag":[3741],"class_list":{"0":"post-86690","1":"product","2":"type-product","3":"status-publish","4":"has-post-thumbnail","6":"product_cat-todos-los-productos-resumen","7":"product_cat-dosificacion-medicion","8":"product_cat-botellas-tapones-accesorios","9":"product_tag-botella-de-racionamiento-de-1-litro-de-pead","10":"product_shipping_class-1-paquete-de-envio-con-seguimiento","12":"first","13":"instock","14":"taxable","15":"shipping-taxable","16":"purchasable","17":"product-type-simple"},"_links":{"self":[{"href":"https:\/\/shop.nlq24.eu\/es\/wp-json\/wp\/v2\/product\/86690","targetHints":{"allow":["GET"]}}],"collection":[{"href":"https:\/\/shop.nlq24.eu\/es\/wp-json\/wp\/v2\/product"}],"about":[{"href":"https:\/\/shop.nlq24.eu\/es\/wp-json\/wp\/v2\/types\/product"}],"replies":[{"embeddable":true,"href":"https:\/\/shop.nlq24.eu\/es\/wp-json\/wp\/v2\/comments?post=86690"}],"wp:featuredmedia":[{"embeddable":true,"href":"https:\/\/shop.nlq24.eu\/es\/wp-json\/wp\/v2\/media\/86664"}],"wp:attachment":[{"href":"https:\/\/shop.nlq24.eu\/es\/wp-json\/wp\/v2\/media?parent=86690"}],"wp:term":[{"taxonomy":"product_brand","embeddable":true,"href":"https:\/\/shop.nlq24.eu\/es\/wp-json\/wp\/v2\/product_brand?post=86690"},{"taxonomy":"product_cat","embeddable":true,"href":"https:\/\/shop.nlq24.eu\/es\/wp-json\/wp\/v2\/product_cat?post=86690"},{"taxonomy":"product_tag","embeddable":true,"href":"https:\/\/shop.nlq24.eu\/es\/wp-json\/wp\/v2\/product_tag?post=86690"}],"curies":[{"name":"wp","href":"https:\/\/api.w.org\/{rel}","templated":true}]}}