{"id":88203,"date":"2022-02-21T11:46:49","date_gmt":"2022-02-21T11:46:49","guid":{"rendered":"https:\/\/shop.nlq24.eu\/produkt\/peroxido-de-hidrogeno-solucion-al-35-500-ml-en-botella-de-pet\/"},"modified":"2022-02-21T11:46:49","modified_gmt":"2022-02-21T11:46:49","slug":"peroxido-de-hidrogeno-solucion-al-35-500-ml-en-botella-de-pet","status":"publish","type":"product","link":"https:\/\/shop.nlq24.eu\/es\/ producto\/peroxido-de-hidrogeno-solucion-al-35-500-ml-en-botella-de-pet\/","title":{"rendered":"Per\u00f3xido de hidr\u00f3geno soluci\u00f3n al 35% 500 ml en botella de PET"},"content":{"rendered":"<p>Per\u00f3xido de hidr\u00f3geno 35% soluci\u00f3n H2o2 500 ml en botella de PET<\/p>\n<p>No se requiere etiquetado de acuerdo con la normativa CE.<\/p>\n<p>por Floracura GmbH<\/p>\n<p>&nbsp;<\/p>\n<p>Almacenar en un lugar fresco y alejado de la luz. Mantener fuera del alcance de los ni\u00f1os. <\/p>\n<p><strong>Ingredientes:<\/strong> Soluci\u00f3n de per\u00f3xido de hidr\u00f3geno al 3%<\/p>\n<p>Min. Halbar a 5\/22<\/p>\n","protected":false},"excerpt":{"rendered":"<p>Per\u00f3xido de hidr\u00f3geno soluci\u00f3n al 35% 500 ml en botella de PET<\/p>\n","protected":false},"featured_media":0,"comment_status":"open","ping_status":"closed","template":"","meta":[],"product_brand":[],"product_cat":[2362],"product_tag":[],"class_list":{"0":"post-88203","1":"product","2":"type-product","3":"status-publish","5":"product_cat-uncategorized-es","6":"product_shipping_class-1-paquete-de-envio-con-seguimiento","8":"first","9":"outofstock","10":"taxable","11":"shipping-taxable","12":"purchasable","13":"product-type-simple"},"_links":{"self":[{"href":"https:\/\/shop.nlq24.eu\/es\/wp-json\/wp\/v2\/product\/88203","targetHints":{"allow":["GET"]}}],"collection":[{"href":"https:\/\/shop.nlq24.eu\/es\/wp-json\/wp\/v2\/product"}],"about":[{"href":"https:\/\/shop.nlq24.eu\/es\/wp-json\/wp\/v2\/types\/product"}],"replies":[{"embeddable":true,"href":"https:\/\/shop.nlq24.eu\/es\/wp-json\/wp\/v2\/comments?post=88203"}],"wp:attachment":[{"href":"https:\/\/shop.nlq24.eu\/es\/wp-json\/wp\/v2\/media?parent=88203"}],"wp:term":[{"taxonomy":"product_brand","embeddable":true,"href":"https:\/\/shop.nlq24.eu\/es\/wp-json\/wp\/v2\/product_brand?post=88203"},{"taxonomy":"product_cat","embeddable":true,"href":"https:\/\/shop.nlq24.eu\/es\/wp-json\/wp\/v2\/product_cat?post=88203"},{"taxonomy":"product_tag","embeddable":true,"href":"https:\/\/shop.nlq24.eu\/es\/wp-json\/wp\/v2\/product_tag?post=88203"}],"curies":[{"name":"wp","href":"https:\/\/api.w.org\/{rel}","templated":true}]}}