{"id":88827,"date":"2025-11-02T23:17:55","date_gmt":"2025-11-02T23:17:55","guid":{"rendered":"https:\/\/shop.nlq24.eu\/produkt\/taza-de-cobre-synergy-300-ml-ayurveda\/"},"modified":"2026-04-02T18:20:40","modified_gmt":"2026-04-02T18:20:40","slug":"taza-de-cobre-synergy-300-ml-ayurveda","status":"publish","type":"product","link":"https:\/\/shop.nlq24.eu\/es\/ producto\/taza-de-cobre-synergy-300-ml-ayurveda\/","title":{"rendered":"Taza de cobre Synergy, 300 ml, Ayurveda"},"content":{"rendered":"<figure id=\"attachment_88826\" aria-describedby=\"caption-attachment-88826\" style=\"width: 242px\" class=\"wp-caption alignnone\"><img loading=\"lazy\" decoding=\"async\" class=\" wp-image-88788\" src=\"https:\/\/shop.nlq24.eu\/wp-content\/uploads\/2025\/11\/cropped-Kupferbecher-Medit-matt-379x400.jpg\" alt=\"Taza de cobre Energy, mate, 300 ml\" width=\"242\" height=\"255\" srcset=\"https:\/\/shop.nlq24.eu\/wp-content\/uploads\/2025\/11\/cropped-Kupferbecher-Medit-matt-379x400.jpg 379w, https:\/\/shop.nlq24.eu\/wp-content\/uploads\/2025\/11\/cropped-Kupferbecher-Medit-matt-265x280.jpg 265w, https:\/\/shop.nlq24.eu\/wp-content\/uploads\/2025\/11\/cropped-Kupferbecher-Medit-matt-466x492.jpg 466w, https:\/\/shop.nlq24.eu\/wp-content\/uploads\/2025\/11\/cropped-Kupferbecher-Medit-matt.jpg 564w\" sizes=\"auto, (max-width: 242px) 100vw, 242px\" \/><figcaption id=\"caption-attachment-88826\" class=\"wp-caption-text\">Taza de cobre Energy, mate, 300 ml, Ayurveda<\/figcaption><\/figure>\n<h2 class=\"Normal tm5 tm6\"><strong><span class=\"tm8\">Vaso de cobre Synergy, mate 300 ml<\/span><\/strong><\/h2>\n<p class=\"Normal tm5 tm6\"><strong><span class=\"tm8\">\u2013 Elegante, saludable y sostenible<\/span><\/strong><\/p>\n<p class=\"Normal tm5 tm6\"><span class=\"tm7\">Este vaso especial de cobre mate de 300 ml combina funcionalidad y est\u00e9tica. La taza de cobre 100% puro bellamente dise\u00f1ada con un moderno acabado mate no solo ofrece una apariencia r\u00fastica y atemporal, sino tambi\u00e9n frecuencias naturales para su armon\u00eda. <\/span><\/p>\n<p class=\"Normal tm5 tm6\"><span class=\"tm7\">Combina la sabidur\u00eda ayurv\u00e9dica centenaria con un dise\u00f1o moderno y le ofrece una experiencia de bebida completamente nueva.<\/span><\/p>\n<p class=\"Normal tm5 tm6\"><span class=\"tm7\">M\u00e1s disfrute y alegr\u00eda en la vida cotidiana.<\/span><\/p>\n<p class=\"Normal tm5 tm6\"><span class=\"tm7\">El cobre contribuye a un mejor disfrute al beber.<\/span><\/p>\n<p class=\"Normal tm5 tm6\"><span class=\"tm7\">Con una capacidad de 300 ml y un dise\u00f1o discreto, esta taza es compacta, ligera y pr\u00e1ctica. Para uso diario, as\u00ed como para Ayurveda y yoga.  Con solo 72,7 gramos, es un peso ligero.<\/span><\/p>\n<h4>Preguntas frecuentes:<\/h4>\n<h3 class=\"Normal tm5 tm6\"><strong><span class=\"tm8\">\u00bfPor qu\u00e9 elegir el vaso de cobre mate?<\/span><\/strong><\/h3>\n<p class=\"Normal tm5 tm6\"><span class=\"tm7\">Esta textura superficial tiene un aspecto r\u00fastico, acogedor y atemporal.<\/span><\/p>\n<p>&nbsp;<\/p>\n<h3 class=\"Normal tm5 tm6\"><strong><span class=\"tm8\">\u00bfCu\u00e1les son las ventajas de una taza de cobre de este tipo?<\/span><\/strong><\/h3>\n<p class=\"Normal tm5\"><span class=\"tm7\">&#8211; El cobre tiene propiedades antibacterianas naturales que pueden ayudar a mantener el agua pura.<\/span><\/p>\n<p class=\"Normal tm5\"><strong><span class=\"tm8\">&#8211; Un moderno acabado mate<\/span><\/strong><span class=\"tm7\"> le da a la taza un aspecto elegante, minimalista y r\u00fastico.<\/span><\/p>\n<p class=\"Normal tm5\"><strong><span class=\"tm8\">&#8211; Compacto y port\u00e1til<\/span><\/strong>, <span class=\"tm7\"> con una capacidad de 300 ml y un dise\u00f1o discreto, es ideal para el uso diario.<\/span><\/p>\n<p class=\"Normal tm5\"><strong><span class=\"tm8\">Sostenible y ecol\u00f3gico<\/span><\/strong><span class=\"tm7\">: Reutilizable y hecho de cobre 100% puro, una opci\u00f3n ecol\u00f3gica.<\/span><\/p>\n<p class=\"Normal tm5\"><strong><span class=\"tm8\">F\u00e1cil de limpiar<\/span><\/strong><span class=\"tm7\">: Con un simple cuidado, la taza permanecer\u00e1 hermosa e higi\u00e9nica durante a\u00f1os.<\/span><\/p>\n<h3><strong>\u00bfQu\u00e9 tiene de especial esta taza en comparaci\u00f3n con una taza de cobre convencional?<\/strong><\/h3>\n<p class=\"Normal tm5 tm6\"><strong><span class=\"tm8\">Frecuencias seg\u00fan Lakhovsky<\/span><\/strong><\/p>\n<p class=\"Normal tm5 tm6\"><span class=\"tm7\">Esta <\/span><strong><span class=\"tm8\">taza de cobre para beber<\/span><\/strong><span class=\"tm7\">, as\u00ed como la <\/span><strong><span class=\"tm8\">botella de cobre<\/span><\/strong><span class=\"tm7\"> (<\/span><span class=\"tm9\">LINK)<\/span><span class=\"tm7\"> est\u00e1n equipadas con los caracter\u00edsticos <\/span><strong><span class=\"tm8\">anillos de Lakhovsky<\/span><\/strong><span class=\"tm7\"> , inspirados en el <\/span><strong><span class=\"tm8\">oscilador multionda<\/span><\/strong><span class=\"tm7\">. Estos anillos consisten en una serie de c\u00edrculos abiertos que tienen un efecto armonizador en el agua.<\/span><\/p>\n<p class=\"Normal tm5 tm6\"><span class=\"tm7\">Los anillos abiertos crean un campo de energ\u00eda sutil que apoya la formaci\u00f3n de estructuras de agua y, por lo tanto, la equilibra. Este concepto se basa en la investigaci\u00f3n de Lakhovsky sobre las vibraciones y resonancias naturales que promueven la armon\u00eda en los sistemas biol\u00f3gicos.   <\/span><\/p>\n<p class=\"Normal tm5 tm6\"><span class=\"tm7\">El agua de estos recipientes de cobre se beneficia de esta tecnolog\u00eda y proporciona un equilibrio energ\u00e9tico \u00fanico para una experiencia especial de bebida.<\/span><\/p>\n<p class=\"Normal tm5 tm6\"><span class=\"tm7\">\u00a1Ahora usted tambi\u00e9n puede disfrutar de las ventajas del cobre en combinaci\u00f3n con el efecto armonizador de estos extraordinarios anillos!<\/span><\/p>\n<h3 class=\"Normal tm5 tm6\"><strong><span class=\"tm8\">\u00bfCu\u00e1l es la mejor manera de usar la taza de cobre?<\/span><\/strong><\/h3>\n<p class=\"Normal tm5 tm6\"><span class=\"tm7\">Llena la taza con agua y disfruta de una bebida pura y saludable. Para energizarse seg\u00fan el Ayurveda, deje el agua en la taza durante la noche y b\u00e9bala vigorizante por la ma\u00f1ana. <\/span><\/p>\n<p class=\"Normal tm5\"><span class=\"tm7\">Sin embargo, no deje el agua en la taza durante m\u00e1s de 6-8 horas para una energizaci\u00f3n \u00f3ptima.<\/span><\/p>\n<h3 class=\"Normal tm5 tm6\"><strong><span class=\"tm8\">\u00bfQu\u00e9 se puede beber de una taza de cobre?<\/span><\/strong><\/h3>\n<p class=\"Normal tm5\"><span class=\"tm7\">B\u00e1sicamente, puedes beber cualquier cosa de \u00e9l. Sin embargo, se deben evitar las bebidas \u00e1cidas, como los jugos de frutas, ya que podr\u00edan reaccionar con el cobre. <\/span><\/p>\n<h3 class=\"Normal tm5 tm6\"><strong><span class=\"tm8\">\u00bfC\u00f3mo se debe cuidar y limpiar la taza de cobre?<\/span><\/strong><\/h3>\n<p class=\"Normal tm5 tm6\"><span class=\"tm7\">El cobre desarrolla naturalmente una p\u00e1tina a trav\u00e9s de la oxidaci\u00f3n. Este proceso es normal y no da\u00f1ar\u00e1 la taza, pero la limpieza regular asegurar\u00e1 que el acabado mate permanezca intacto. <\/span><\/p>\n<p class=\"Normal tm5\"><span class=\"tm7\">Limpie la taza 2-3 veces por semana con jugo de lim\u00f3n y sal o vinagre y sal para eliminar la p\u00e1tina. Enjuague bien la taza despu\u00e9s para eliminar cualquier residuo. <\/span><\/p>\n<p class=\"Normal tm5\"><span class=\"tm7\">Espere esta taza especial de cobre para beber Matt 300 ml y disfrute de una experiencia elegante, saludable y sostenible al beber todo. \u00a1Esto hace que beber sea divertido de nuevo! \u00a1Perfecto para aquellos que valoran la est\u00e9tica y la vida consciente!  <\/span><\/p>\n<h3><strong>Tradici\u00f3n e historia<\/strong><\/h3>\n<p><span class=\"svelte-1fz0gqk\">En Ayurveda, el cobre se usa tradicionalmente para almacenar agua.  <\/span>La creaci\u00f3n de esta taza est\u00e1 inspirada en los recipientes hist\u00f3ricos para beber hechos de cobre.<\/p>\n<h3 id=\"2-perfekt-als-geschenk\" class=\"heading svelte-1fz0gqk\"><span class=\"svelte-1fz0gqk\">Tambi\u00e9n perfecto como regalo<\/span><\/h3>\n<p class=\"svelte-1fz0gqk\"><span class=\"svelte-1fz0gqk\">Ya sea para conocedores, amantes del dise\u00f1o o amigos de tradiciones ex\u00f3ticas, esta taza de cobre es un <\/span><strong class=\"svelte-1fz0gqk\"><span class=\"svelte-1fz0gqk\">regalo especial<\/span><\/strong><span class=\"svelte-1fz0gqk\"> con un valor duradero.<\/span><\/p>\n<p>&nbsp;<\/p>\n<p>De acuerdo con una de las muchas \u00abregulaciones de la UE\u00bb, las declaraciones relacionadas con la salud tampoco est\u00e1n \u00abpermitidas\u00bb aqu\u00ed. Es por eso que no escribir\u00e9 nada sobre todo lo que se dice que hace el cobre. Que la pases bien \ud83d\ude42  <\/p>\n","protected":false},"excerpt":{"rendered":"<p>Taza de cobre Energy, mate, 300 ml<\/p>\n","protected":false},"featured_media":88826,"comment_status":"closed","ping_status":"closed","template":"","meta":[],"product_brand":[],"product_cat":[2881,3857],"product_tag":[3858,3859,3860,3861,3862],"class_list":{"0":"post-88827","1":"product","2":"type-product","3":"status-publish","4":"has-post-thumbnail","6":"product_cat-weihnachtstipps-es","7":"product_cat-articulos-de-cobre-2","8":"product_tag-taza-de-cobre-energy","9":"product_tag-insensibilizado","10":"product_tag-300-ml","11":"product_tag-yoga","12":"product_tag-ayurveda","14":"first","15":"instock","16":"taxable","17":"shipping-taxable","18":"purchasable","19":"product-type-simple"},"_links":{"self":[{"href":"https:\/\/shop.nlq24.eu\/es\/wp-json\/wp\/v2\/product\/88827","targetHints":{"allow":["GET"]}}],"collection":[{"href":"https:\/\/shop.nlq24.eu\/es\/wp-json\/wp\/v2\/product"}],"about":[{"href":"https:\/\/shop.nlq24.eu\/es\/wp-json\/wp\/v2\/types\/product"}],"replies":[{"embeddable":true,"href":"https:\/\/shop.nlq24.eu\/es\/wp-json\/wp\/v2\/comments?post=88827"}],"wp:featuredmedia":[{"embeddable":true,"href":"https:\/\/shop.nlq24.eu\/es\/wp-json\/wp\/v2\/media\/88826"}],"wp:attachment":[{"href":"https:\/\/shop.nlq24.eu\/es\/wp-json\/wp\/v2\/media?parent=88827"}],"wp:term":[{"taxonomy":"product_brand","embeddable":true,"href":"https:\/\/shop.nlq24.eu\/es\/wp-json\/wp\/v2\/product_brand?post=88827"},{"taxonomy":"product_cat","embeddable":true,"href":"https:\/\/shop.nlq24.eu\/es\/wp-json\/wp\/v2\/product_cat?post=88827"},{"taxonomy":"product_tag","embeddable":true,"href":"https:\/\/shop.nlq24.eu\/es\/wp-json\/wp\/v2\/product_tag?post=88827"}],"curies":[{"name":"wp","href":"https:\/\/api.w.org\/{rel}","templated":true}]}}